{"id":50,"date":"2023-07-13T19:35:40","date_gmt":"2023-07-13T19:35:40","guid":{"rendered":"https:\/\/hagakure.hr\/?page_id=50"},"modified":"2024-07-25T18:40:49","modified_gmt":"2024-07-25T18:40:49","slug":"karate","status":"publish","type":"page","link":"https:\/\/hagakure.hr\/?page_id=50","title":{"rendered":"KARATE"},"content":{"rendered":"\n<div class=\"wp-block-media-text alignwide has-media-on-the-right is-stacked-on-mobile\" style=\"grid-template-columns:auto 32%\"><div class=\"wp-block-media-text__content\">\n<p>WADO RYU (ili WADO KAI) je japanska \u0161kola (KAI \u2013 udruga). Dolazi od rije\u010di WA &#8211; uskla\u0111eno, harmonija, DO \u2013 put, na\u010din i RYU \u2013 \u0161kola. To je \u00ab\u0161kola harmoni\u010dnog na\u010dina\u00bb, u\u010denje na na\u010din uskla\u0111ivanja-harmonije, danas je to stil KARATE-a (sportskog\/natjecateljskog na\u010dina), ali je ustvari u svojoj ideji JUJUTSU.<\/p>\n\n\n\n<p>Osniva\u010d je, Meijin HIRONORI OTSUKA, kako je u mladosti vje\u017ebao vi\u0161e tradicionalnih Bujutsu \u0161kola (Kempo, Jujutsu, Shotokan i Shito ryu) osnovao je SHINDO WADO RYU KARATE \u2013 JUJUTSU, spajanje i vje\u0161tina i znanja iz tih \u0161kola.<\/p>\n\n\n\n<div class=\"wp-block-media-text alignwide is-stacked-on-mobile is-vertically-aligned-bottom\" style=\"grid-template-columns:16% auto\"><figure class=\"wp-block-media-text__media\"><img loading=\"lazy\" decoding=\"async\" width=\"200\" height=\"283\" src=\"https:\/\/hagakure.hr\/wp-content\/uploads\/2023\/07\/master-hironori-otsuka.jpg\" alt=\"\" class=\"wp-image-220 size-full\"\/><\/figure><div class=\"wp-block-media-text__content\">\n<p class=\"has-text-align-left\"><em>Hironori Otsuka<\/em><\/p>\n<\/div><\/div>\n<\/div><figure class=\"wp-block-media-text__media\"><img loading=\"lazy\" decoding=\"async\" width=\"993\" height=\"1024\" src=\"https:\/\/hagakure.hr\/wp-content\/uploads\/2023\/06\/20230515_215414-993x1024.jpg\" alt=\"\" class=\"wp-image-136 size-full\" srcset=\"https:\/\/hagakure.hr\/wp-content\/uploads\/2023\/06\/20230515_215414-993x1024.jpg 993w, https:\/\/hagakure.hr\/wp-content\/uploads\/2023\/06\/20230515_215414-291x300.jpg 291w, https:\/\/hagakure.hr\/wp-content\/uploads\/2023\/06\/20230515_215414-768x792.jpg 768w, https:\/\/hagakure.hr\/wp-content\/uploads\/2023\/06\/20230515_215414-1490x1536.jpg 1490w, https:\/\/hagakure.hr\/wp-content\/uploads\/2023\/06\/20230515_215414-1986x2048.jpg 1986w\" sizes=\"auto, (max-width: 993px) 100vw, 993px\" \/><\/figure><\/div>\n\n\n\n<hr class=\"wp-block-separator has-alpha-channel-opacity\"\/>\n\n\n\n<p>Majstor OTSUKA bio je veliki zagovaratelj natjecanja (KUMITE), stoga smo u na\u0161u \u0161kolu uvrstili cjeline iz njegove \u0161kole (WADO KAI):<\/p>\n\n\n\n<div class=\"wp-block-columns is-layout-flex wp-container-core-columns-is-layout-9d6595d7 wp-block-columns-is-layout-flex\">\n<div class=\"wp-block-column is-layout-flow wp-block-column-is-layout-flow\" style=\"flex-basis:66.66%\">\n<figure class=\"wp-block-gallery has-nested-images columns-default is-cropped wp-block-gallery-1 is-layout-flex wp-block-gallery-is-layout-flex\">\n<figure class=\"wp-block-image size-large\"><img loading=\"lazy\" decoding=\"async\" width=\"693\" height=\"1024\" data-id=\"172\" src=\"https:\/\/hagakure.hr\/wp-content\/uploads\/2023\/06\/20230515_2211170-693x1024.jpg\" alt=\"\" class=\"wp-image-172\" srcset=\"https:\/\/hagakure.hr\/wp-content\/uploads\/2023\/06\/20230515_2211170-693x1024.jpg 693w, https:\/\/hagakure.hr\/wp-content\/uploads\/2023\/06\/20230515_2211170-203x300.jpg 203w, https:\/\/hagakure.hr\/wp-content\/uploads\/2023\/06\/20230515_2211170-768x1135.jpg 768w, https:\/\/hagakure.hr\/wp-content\/uploads\/2023\/06\/20230515_2211170-1040x1536.jpg 1040w, https:\/\/hagakure.hr\/wp-content\/uploads\/2023\/06\/20230515_2211170-1386x2048.jpg 1386w, https:\/\/hagakure.hr\/wp-content\/uploads\/2023\/06\/20230515_2211170-scaled.jpg 1733w\" sizes=\"auto, (max-width: 693px) 100vw, 693px\" \/><\/figure>\n\n\n\n<figure class=\"wp-block-image size-large\"><img loading=\"lazy\" decoding=\"async\" width=\"820\" height=\"1024\" data-id=\"118\" src=\"https:\/\/hagakure.hr\/wp-content\/uploads\/2023\/06\/1684660421889-820x1024.jpg\" alt=\"\" class=\"wp-image-118\" srcset=\"https:\/\/hagakure.hr\/wp-content\/uploads\/2023\/06\/1684660421889-820x1024.jpg 820w, https:\/\/hagakure.hr\/wp-content\/uploads\/2023\/06\/1684660421889-240x300.jpg 240w, https:\/\/hagakure.hr\/wp-content\/uploads\/2023\/06\/1684660421889-768x959.jpg 768w, https:\/\/hagakure.hr\/wp-content\/uploads\/2023\/06\/1684660421889-1230x1536.jpg 1230w, https:\/\/hagakure.hr\/wp-content\/uploads\/2023\/06\/1684660421889.jpg 1640w\" sizes=\"auto, (max-width: 820px) 100vw, 820px\" \/><\/figure>\n<\/figure>\n<\/div>\n\n\n\n<div class=\"wp-block-column is-layout-flow wp-block-column-is-layout-flow\" style=\"flex-basis:33.33%\">\n<ul class=\"wp-block-list\">\n<li>KIHON-WAZA \u2013 pravilno izvo\u0111enje pojedina\u010dnih tehnika (kretanje, stavovi, tehnike udaranja rukama i nogama, blokade, padovi, disanje),<\/li>\n<\/ul>\n\n\n\n<ul class=\"wp-block-list\">\n<li>RENZOKU (RENRAKU)-WAZA &#8211; pravilno spajanje i izvo\u0111enje pojedina\u010dnih tehnika u cjelinu \u2013 kombiniranjem osnovnih tehnika,<\/li>\n<\/ul>\n\n\n\n<ul class=\"wp-block-list\">\n<li>KUMITE (ippon, sanbon, yakosoku i juji kumite) \u2013 dogovorene borbe \u2013 sparing, s utvr\u0111enim tehnikama napada i obrane,<\/li>\n<\/ul>\n\n\n\n<ul class=\"wp-block-list\">\n<li>PINAN KATE &#8211; utvr\u0111ene rutine, koreografije, forme, stilizirane borbe s vi\u0161e protivnika,\n<ul class=\"wp-block-list\">\n<li>u\u010deni\u010dke pinan kate, ima ih ukupno pet (SHODAN, NIDAN, SANDAN, YODAN i GODAN), kreirao ih je majstor ANKO ITOSU,<\/li>\n\n\n\n<li>majstorske kate \u2013 (NAIHANCHI, KUSHANKU i CHINTE)<\/li>\n<\/ul>\n<\/li>\n<\/ul>\n<\/div>\n<\/div>\n\n\n\n<div class=\"wp-block-columns is-layout-flex wp-container-core-columns-is-layout-9d6595d7 wp-block-columns-is-layout-flex\">\n<div class=\"wp-block-column is-layout-flow wp-block-column-is-layout-flow\" style=\"flex-basis:66.66%\">\n<p>Tradiciju njegove \u0161kole nastavio je njegov izravni u\u010denik (UCHI-DESHI), majstor TERUO KONO. Karate je po\u010deo vje\u017ebati sa 6. godina. Tijekom studija arhitekture, bio je vi\u0161e godina najbolji borac sportskog karatea. Do svoje smrti radio je kao trener i instruktor po cijelom svijetu.<\/p>\n<\/div>\n\n\n\n<div class=\"wp-block-column is-layout-flow wp-block-column-is-layout-flow\" style=\"flex-basis:33.33%\">\n<figure class=\"wp-block-image size-full is-resized\"><img loading=\"lazy\" decoding=\"async\" width=\"328\" height=\"373\" src=\"https:\/\/hagakure.hr\/wp-content\/uploads\/2023\/07\/memorial.png\" alt=\"\" class=\"wp-image-222\" style=\"width:142px;height:161px\" srcset=\"https:\/\/hagakure.hr\/wp-content\/uploads\/2023\/07\/memorial.png 328w, https:\/\/hagakure.hr\/wp-content\/uploads\/2023\/07\/memorial-264x300.png 264w\" sizes=\"auto, (max-width: 328px) 100vw, 328px\" \/><\/figure>\n\n\n\n<p class=\"has-text-align-left\"><em>Teruo Kono<\/em><\/p>\n<\/div>\n<\/div>\n","protected":false},"excerpt":{"rendered":"<p>Majstor OTSUKA bio je veliki zagovaratelj natjecanja (KUMITE), stoga smo u na\u0161u \u0161kolu uvrstili cjeline iz njegove \u0161kole (WADO KAI): Tradiciju njegove \u0161kole nastavio je njegov izravni u\u010denik (UCHI-DESHI), majstor TERUO KONO. Karate je po\u010deo vje\u017ebati sa 6. godina. Tijekom studija arhitekture, bio je vi\u0161e godina najbolji borac sportskog karatea. Do svoje smrti radio je kao trener i instruktor po [&hellip;]<\/p>\n","protected":false},"author":1,"featured_media":0,"parent":0,"menu_order":0,"comment_status":"closed","ping_status":"closed","template":"","meta":{"footnotes":""},"class_list":["post-50","page","type-page","status-publish","hentry"],"_links":{"self":[{"href":"https:\/\/hagakure.hr\/index.php?rest_route=\/wp\/v2\/pages\/50","targetHints":{"allow":["GET"]}}],"collection":[{"href":"https:\/\/hagakure.hr\/index.php?rest_route=\/wp\/v2\/pages"}],"about":[{"href":"https:\/\/hagakure.hr\/index.php?rest_route=\/wp\/v2\/types\/page"}],"author":[{"embeddable":true,"href":"https:\/\/hagakure.hr\/index.php?rest_route=\/wp\/v2\/users\/1"}],"replies":[{"embeddable":true,"href":"https:\/\/hagakure.hr\/index.php?rest_route=%2Fwp%2Fv2%2Fcomments&post=50"}],"version-history":[{"count":31,"href":"https:\/\/hagakure.hr\/index.php?rest_route=\/wp\/v2\/pages\/50\/revisions"}],"predecessor-version":[{"id":252,"href":"https:\/\/hagakure.hr\/index.php?rest_route=\/wp\/v2\/pages\/50\/revisions\/252"}],"wp:attachment":[{"href":"https:\/\/hagakure.hr\/index.php?rest_route=%2Fwp%2Fv2%2Fmedia&parent=50"}],"curies":[{"name":"wp","href":"https:\/\/api.w.org\/{rel}","templated":true}]}}