{"id":30,"date":"2023-07-13T19:02:34","date_gmt":"2023-07-13T19:02:34","guid":{"rendered":"https:\/\/hagakure.hr\/?page_id=30"},"modified":"2024-02-10T00:53:18","modified_gmt":"2024-02-10T00:53:18","slug":"kenjutsu","status":"publish","type":"page","link":"https:\/\/hagakure.hr\/?page_id=30","title":{"rendered":"KENJUTSU"},"content":{"rendered":"\n<div class=\"wp-block-columns is-layout-flex wp-container-core-columns-is-layout-9d6595d7 wp-block-columns-is-layout-flex\">\n<div class=\"wp-block-column is-layout-flow wp-block-column-is-layout-flow\" style=\"flex-basis:100%\">\n<div class=\"wp-block-media-text alignwide has-media-on-the-right is-stacked-on-mobile\" style=\"grid-template-columns:auto 40%\"><div class=\"wp-block-media-text__content\">\n<p>Pojam Kenjutsu dolazi od rije\u010di Ken \u2013 ma\u010d, sje\u010divo, i od rije\u010di Jutsu \u2013 umije\u0107e, vje\u0161tina. Ozna\u010dava vje\u0161tinu upotrebe japanskog ma\u010da (katane) koja je osmi\u0161ljena za pripremu samuraja za borbu.<\/p>\n\n\n\n<p>Vje\u0161tina se javlja u Heian razdoblju (794. \u2013 1185. g.) kad je osmi\u0161ljen ma\u010d s jednom o\u0161tricom, blago zakrivljen na kraju i prilago\u0111en za rezanje i sje\u010denje. Zbog krvavih gra\u0111anskih ratova, potreba za dobrom i uvje\u017ebanom vojskom tijekom kasnog Kamakura razdoblja (1192. \u2013 1333. g.) pove\u0107ala je borbenu disciplinu \u0161kola ma\u010da i uzrokovala procvat ratni\u010dkih vje\u0161tina.<\/p>\n<\/div><figure class=\"wp-block-media-text__media\"><img loading=\"lazy\" decoding=\"async\" width=\"1024\" height=\"768\" src=\"https:\/\/hagakure.hr\/wp-content\/uploads\/2023\/05\/kenjutsu11-1024x768.jpg\" alt=\"\" class=\"wp-image-111 size-full\" srcset=\"https:\/\/hagakure.hr\/wp-content\/uploads\/2023\/05\/kenjutsu11-1024x768.jpg 1024w, https:\/\/hagakure.hr\/wp-content\/uploads\/2023\/05\/kenjutsu11-300x225.jpg 300w, https:\/\/hagakure.hr\/wp-content\/uploads\/2023\/05\/kenjutsu11-768x576.jpg 768w, https:\/\/hagakure.hr\/wp-content\/uploads\/2023\/05\/kenjutsu11-1536x1153.jpg 1536w, https:\/\/hagakure.hr\/wp-content\/uploads\/2023\/05\/kenjutsu11-2048x1537.jpg 2048w, https:\/\/hagakure.hr\/wp-content\/uploads\/2023\/05\/kenjutsu11-80x60.jpg 80w\" sizes=\"auto, (max-width: 1024px) 100vw, 1024px\" \/><\/figure><\/div>\n<\/div>\n<\/div>\n\n\n\n<div class=\"wp-block-media-text alignwide is-stacked-on-mobile\" style=\"grid-template-columns:46% auto\"><figure class=\"wp-block-media-text__media\"><img loading=\"lazy\" decoding=\"async\" width=\"1024\" height=\"659\" src=\"https:\/\/hagakure.hr\/wp-content\/uploads\/2023\/06\/20230520_171143-1024x659.jpg\" alt=\"\" class=\"wp-image-127 size-full\" srcset=\"https:\/\/hagakure.hr\/wp-content\/uploads\/2023\/06\/20230520_171143-1024x659.jpg 1024w, https:\/\/hagakure.hr\/wp-content\/uploads\/2023\/06\/20230520_171143-300x193.jpg 300w, https:\/\/hagakure.hr\/wp-content\/uploads\/2023\/06\/20230520_171143-768x495.jpg 768w, https:\/\/hagakure.hr\/wp-content\/uploads\/2023\/06\/20230520_171143-1536x989.jpg 1536w, https:\/\/hagakure.hr\/wp-content\/uploads\/2023\/06\/20230520_171143.jpg 1994w\" sizes=\"auto, (max-width: 1024px) 100vw, 1024px\" \/><\/figure><div class=\"wp-block-media-text__content\">\n<p>U sklopu sekcije Kempo u\u010dimo tehnike SHIZEN RYU KENJUTSU (koju je osnovao hrvatski majstor-u\u010ditelj, hanshi, Miran \u0160kerl, 10. Dan), koja se izme\u0111u ostalih \u0161kola temelji na tehnikama \u0161kole Tenshin shoden katori shinto ryu, \u010diji je osniva\u010d Choisai Iizasa Ieano, samuraj plemi\u0107kog podrijetla, ro\u0111en 1387. g. u prefekturi Chiba u blizini Tokija, gdje se i danas nalazi njegov grob u krugu shinto hrama Katori.<\/p>\n\n\n\n<div class=\"wp-block-media-text alignwide is-stacked-on-mobile is-vertically-aligned-bottom\" style=\"grid-template-columns:25% auto\"><figure class=\"wp-block-media-text__media\"><img loading=\"lazy\" decoding=\"async\" width=\"640\" height=\"760\" src=\"https:\/\/hagakure.hr\/wp-content\/uploads\/2023\/07\/choisai-iizasa-ieano.jpg\" alt=\"\" class=\"wp-image-199 size-full\" srcset=\"https:\/\/hagakure.hr\/wp-content\/uploads\/2023\/07\/choisai-iizasa-ieano.jpg 640w, https:\/\/hagakure.hr\/wp-content\/uploads\/2023\/07\/choisai-iizasa-ieano-253x300.jpg 253w\" sizes=\"auto, (max-width: 640px) 100vw, 640px\" \/><\/figure><div class=\"wp-block-media-text__content\">\n<p class=\"has-text-align-left\"><em>Choisai Iizasa Ieano<\/em><\/p>\n<\/div><\/div>\n<\/div><\/div>\n\n\n\n<div class=\"wp-block-media-text alignwide has-media-on-the-right is-stacked-on-mobile\" style=\"grid-template-columns:auto 37%\"><div class=\"wp-block-media-text__content\">\n<p>Svrha i cilj vje\u0161tine danas je izu\u010davanje tehnika, tradicionalne prakti\u010dnosti i mogu\u0107nosti primjene u realnoj borbi. Zbog opasnih i slo\u017eenih tehnika i oru\u017eja, slobodni sparing rijetko se koristi i iz tog razloga nema ni sportsku ina\u010dicu. Umjesto toga u uvje\u017ebavanju tehnika koriste se tradicionalna pomagala, kao zamjerna za Shinken (pravi ma\u010d), bokken, kodachi, drveni no\u017e (tanto) i nekoliko du\u017eina drvenih \u0161tapova i palica (bo, hambo), drvena naginata, nun\u010dake, yawara i druga pomagala (makiware za uvje\u017ebavanje udaraca rukama i nogama, te za uvje\u017ebavanje tehnika udaranja i sje\u010denja ma\u010dem).<\/p>\n<\/div><figure class=\"wp-block-media-text__media\"><img loading=\"lazy\" decoding=\"async\" width=\"1024\" height=\"938\" src=\"https:\/\/hagakure.hr\/wp-content\/uploads\/2023\/06\/kenjutsu6-1-1024x938.jpg\" alt=\"\" class=\"wp-image-130 size-full\" srcset=\"https:\/\/hagakure.hr\/wp-content\/uploads\/2023\/06\/kenjutsu6-1-1024x938.jpg 1024w, https:\/\/hagakure.hr\/wp-content\/uploads\/2023\/06\/kenjutsu6-1-300x275.jpg 300w, https:\/\/hagakure.hr\/wp-content\/uploads\/2023\/06\/kenjutsu6-1-768x703.jpg 768w, https:\/\/hagakure.hr\/wp-content\/uploads\/2023\/06\/kenjutsu6-1-1536x1407.jpg 1536w, https:\/\/hagakure.hr\/wp-content\/uploads\/2023\/06\/kenjutsu6-1-2048x1876.jpg 2048w\" sizes=\"auto, (max-width: 1024px) 100vw, 1024px\" \/><\/figure><\/div>\n\n\n\n<figure class=\"wp-block-gallery has-nested-images columns-default is-cropped wp-block-gallery-1 is-layout-flex wp-block-gallery-is-layout-flex\">\n<figure class=\"wp-block-image size-large\"><img loading=\"lazy\" decoding=\"async\" width=\"1024\" height=\"740\" data-id=\"126\" src=\"https:\/\/hagakure.hr\/wp-content\/uploads\/2023\/06\/20230517_221432-1024x740.jpg\" alt=\"\" class=\"wp-image-126\" srcset=\"https:\/\/hagakure.hr\/wp-content\/uploads\/2023\/06\/20230517_221432-1024x740.jpg 1024w, https:\/\/hagakure.hr\/wp-content\/uploads\/2023\/06\/20230517_221432-300x217.jpg 300w, https:\/\/hagakure.hr\/wp-content\/uploads\/2023\/06\/20230517_221432-768x555.jpg 768w, https:\/\/hagakure.hr\/wp-content\/uploads\/2023\/06\/20230517_221432-1536x1110.jpg 1536w, https:\/\/hagakure.hr\/wp-content\/uploads\/2023\/06\/20230517_221432-2048x1481.jpg 2048w\" sizes=\"auto, (max-width: 1024px) 100vw, 1024px\" \/><\/figure>\n\n\n\n<figure class=\"wp-block-image size-large\"><img loading=\"lazy\" decoding=\"async\" width=\"1024\" height=\"503\" data-id=\"125\" src=\"https:\/\/hagakure.hr\/wp-content\/uploads\/2023\/06\/20230517_220732-1024x503.jpg\" alt=\"\" class=\"wp-image-125\" srcset=\"https:\/\/hagakure.hr\/wp-content\/uploads\/2023\/06\/20230517_220732-1024x503.jpg 1024w, https:\/\/hagakure.hr\/wp-content\/uploads\/2023\/06\/20230517_220732-300x147.jpg 300w, https:\/\/hagakure.hr\/wp-content\/uploads\/2023\/06\/20230517_220732-768x377.jpg 768w, https:\/\/hagakure.hr\/wp-content\/uploads\/2023\/06\/20230517_220732-1536x754.jpg 1536w, https:\/\/hagakure.hr\/wp-content\/uploads\/2023\/06\/20230517_220732-2048x1006.jpg 2048w\" sizes=\"auto, (max-width: 1024px) 100vw, 1024px\" \/><\/figure>\n\n\n\n<figure class=\"wp-block-image size-large\"><img loading=\"lazy\" decoding=\"async\" width=\"1024\" height=\"608\" data-id=\"122\" src=\"https:\/\/hagakure.hr\/wp-content\/uploads\/2023\/06\/20230517_215750-1024x608.jpg\" alt=\"\" class=\"wp-image-122\" srcset=\"https:\/\/hagakure.hr\/wp-content\/uploads\/2023\/06\/20230517_215750-1024x608.jpg 1024w, https:\/\/hagakure.hr\/wp-content\/uploads\/2023\/06\/20230517_215750-300x178.jpg 300w, https:\/\/hagakure.hr\/wp-content\/uploads\/2023\/06\/20230517_215750-768x456.jpg 768w, https:\/\/hagakure.hr\/wp-content\/uploads\/2023\/06\/20230517_215750-1536x911.jpg 1536w, https:\/\/hagakure.hr\/wp-content\/uploads\/2023\/06\/20230517_215750-2048x1215.jpg 2048w\" sizes=\"auto, (max-width: 1024px) 100vw, 1024px\" \/><\/figure>\n\n\n\n<figure class=\"wp-block-image size-large\"><img loading=\"lazy\" decoding=\"async\" width=\"1024\" height=\"645\" data-id=\"123\" src=\"https:\/\/hagakure.hr\/wp-content\/uploads\/2023\/06\/20230517_215756-1024x645.jpg\" alt=\"\" class=\"wp-image-123\" srcset=\"https:\/\/hagakure.hr\/wp-content\/uploads\/2023\/06\/20230517_215756-1024x645.jpg 1024w, https:\/\/hagakure.hr\/wp-content\/uploads\/2023\/06\/20230517_215756-300x189.jpg 300w, https:\/\/hagakure.hr\/wp-content\/uploads\/2023\/06\/20230517_215756-768x483.jpg 768w, https:\/\/hagakure.hr\/wp-content\/uploads\/2023\/06\/20230517_215756-1536x967.jpg 1536w, https:\/\/hagakure.hr\/wp-content\/uploads\/2023\/06\/20230517_215756-2048x1289.jpg 2048w\" sizes=\"auto, (max-width: 1024px) 100vw, 1024px\" \/><\/figure>\n\n\n\n<figure class=\"wp-block-image size-large\"><img loading=\"lazy\" decoding=\"async\" width=\"1024\" height=\"527\" data-id=\"124\" src=\"https:\/\/hagakure.hr\/wp-content\/uploads\/2023\/06\/20230517_220328-1024x527.jpg\" alt=\"\" class=\"wp-image-124\" srcset=\"https:\/\/hagakure.hr\/wp-content\/uploads\/2023\/06\/20230517_220328-1024x527.jpg 1024w, https:\/\/hagakure.hr\/wp-content\/uploads\/2023\/06\/20230517_220328-300x154.jpg 300w, https:\/\/hagakure.hr\/wp-content\/uploads\/2023\/06\/20230517_220328-768x395.jpg 768w, https:\/\/hagakure.hr\/wp-content\/uploads\/2023\/06\/20230517_220328-1536x791.jpg 1536w, https:\/\/hagakure.hr\/wp-content\/uploads\/2023\/06\/20230517_220328-2048x1054.jpg 2048w, https:\/\/hagakure.hr\/wp-content\/uploads\/2023\/06\/20230517_220328-290x150.jpg 290w\" sizes=\"auto, (max-width: 1024px) 100vw, 1024px\" \/><\/figure>\n<\/figure>\n","protected":false},"excerpt":{"rendered":"<p>Pojam Kenjutsu dolazi od rije\u010di Ken \u2013 ma\u010d, sje\u010divo, i od rije\u010di Jutsu \u2013 umije\u0107e, vje\u0161tina. Ozna\u010dava vje\u0161tinu upotrebe japanskog ma\u010da (katane) koja je osmi\u0161ljena za pripremu samuraja za borbu. Vje\u0161tina se javlja u Heian razdoblju (794. \u2013 1185. g.) kad je osmi\u0161ljen ma\u010d s jednom o\u0161tricom, blago zakrivljen na kraju i prilago\u0111en za rezanje i sje\u010denje. Zbog krvavih gra\u0111anskih [&hellip;]<\/p>\n","protected":false},"author":1,"featured_media":0,"parent":0,"menu_order":0,"comment_status":"closed","ping_status":"closed","template":"","meta":{"footnotes":""},"class_list":["post-30","page","type-page","status-publish","hentry"],"_links":{"self":[{"href":"https:\/\/hagakure.hr\/index.php?rest_route=\/wp\/v2\/pages\/30","targetHints":{"allow":["GET"]}}],"collection":[{"href":"https:\/\/hagakure.hr\/index.php?rest_route=\/wp\/v2\/pages"}],"about":[{"href":"https:\/\/hagakure.hr\/index.php?rest_route=\/wp\/v2\/types\/page"}],"author":[{"embeddable":true,"href":"https:\/\/hagakure.hr\/index.php?rest_route=\/wp\/v2\/users\/1"}],"replies":[{"embeddable":true,"href":"https:\/\/hagakure.hr\/index.php?rest_route=%2Fwp%2Fv2%2Fcomments&post=30"}],"version-history":[{"count":25,"href":"https:\/\/hagakure.hr\/index.php?rest_route=\/wp\/v2\/pages\/30\/revisions"}],"predecessor-version":[{"id":219,"href":"https:\/\/hagakure.hr\/index.php?rest_route=\/wp\/v2\/pages\/30\/revisions\/219"}],"wp:attachment":[{"href":"https:\/\/hagakure.hr\/index.php?rest_route=%2Fwp%2Fv2%2Fmedia&parent=30"}],"curies":[{"name":"wp","href":"https:\/\/api.w.org\/{rel}","templated":true}]}}