{"id":26,"date":"2023-07-13T19:00:32","date_gmt":"2023-07-13T19:00:32","guid":{"rendered":"https:\/\/hagakure.hr\/?page_id=26"},"modified":"2024-02-10T00:53:58","modified_gmt":"2024-02-10T00:53:58","slug":"jujutsu","status":"publish","type":"page","link":"https:\/\/hagakure.hr\/?page_id=26","title":{"rendered":"JUJUTSU"},"content":{"rendered":"\n<div class=\"wp-block-media-text alignwide is-stacked-on-mobile\" style=\"grid-template-columns:45% auto\"><figure class=\"wp-block-media-text__media\"><img loading=\"lazy\" decoding=\"async\" width=\"531\" height=\"530\" src=\"https:\/\/hagakure.hr\/wp-content\/uploads\/2023\/06\/49938480_1175548095946060_5389154680452415488_n.jpg\" alt=\"\" class=\"wp-image-139 size-full\" srcset=\"https:\/\/hagakure.hr\/wp-content\/uploads\/2023\/06\/49938480_1175548095946060_5389154680452415488_n.jpg 531w, https:\/\/hagakure.hr\/wp-content\/uploads\/2023\/06\/49938480_1175548095946060_5389154680452415488_n-300x300.jpg 300w, https:\/\/hagakure.hr\/wp-content\/uploads\/2023\/06\/49938480_1175548095946060_5389154680452415488_n-150x150.jpg 150w\" sizes=\"auto, (max-width: 531px) 100vw, 531px\" \/><\/figure><div class=\"wp-block-media-text__content\">\n<p>Jujutsu (Ju \u2013 u prijevodu nje\u017enost, fleksibilnost, meko\u0107a, popustljivost i Jutsu \u2013 umije\u0107e, vje\u0161tina, daju naziv fleksibilna-nje\u017ena ili mekana vje\u0161tina) izvoran je naziv za japanske stilove borila\u010dkih vje\u0161tina koji su donekle poznati u svijetu kao sportske vje\u0161tine (Judo, Sambo, Brazilski jiu jitsu).<\/p>\n\n\n\n<p><\/p>\n\n\n\n<p><\/p>\n\n\n\n<figure class=\"wp-block-pullquote\"><blockquote><p>Jujutsu obuhva\u0107a tehnike kru\u017enih pokreta, hvatova, poluga, bacanja, ru\u0161enja, gu\u0161enja i preusmjeravanja protivnikove te\u017eine i sile, a manju pa\u017enju daje udarcima koji su se pokazali neu\u010dinkovitima u borbama izme\u0111u oklopljenih samuraja.<\/p><\/blockquote><\/figure>\n<\/div><\/div>\n\n\n\n<div class=\"wp-block-media-text alignwide has-media-on-the-right is-stacked-on-mobile\" style=\"grid-template-columns:auto 43%\"><div class=\"wp-block-media-text__content\">\n<p>Jujutsu je \u201eprilagodljiva, popustljiva, nje\u017ena\u201c vje\u0161tina borbe, vje\u0161tina golorukog borenja protiv nenaoru\u017eanog i naoru\u017eanog protivnika. Stari naziv je JAWARA ili JAWARAGI (ubadanje u slabe, neza\u0161ti\u0107ene to\u010dke na tijelu). Razvijala se me\u0111u ratni\u010dkom klasom (bushi, samuraji) u feudalnom Japanu kao na\u010din golorukog savladavanja (onesposobljavanja, uni\u0161tenja) naoru\u017eanog oklopljenog protivnika, u prilikama kada se ostajalo bez svog oru\u017eja a naj\u010de\u0161\u0107e i kad tehnike oru\u017eja i udaranja nisu bile u\u010dinkovite i dostatne protiv oklopljenog ratnika (koji su bili relativno tromi i nespretni zbog oklopa &#8211; YOROI). Moralo se prilagoditi borbi: hvatanju, ru\u0161enju, bacanju, gu\u0161enju i lomljenju zglobova polugama, mo\u017eebitno se koristilo kratko o\u0161tro oru\u017eje za neutralizaciju kroz slabe, neza\u0161ti\u0107ene to\u010dke na oklopu \u2013 SUKI. <\/p>\n\n\n\n<p>Jujutsu vje\u0161tina borbe razvijala se na principima kori\u0161tenja sile i energije protivnika protiv njega samog (kad i tjelesno slabiji protivnik mo\u017ee pobijediti i ja\u010deg od sebe, ukoliko razumije i koristi ove principe), a ne izravno sukobljavanje (kad gotovo uvijek pobje\u0111uje onaj koji je tjelesno sna\u017eniji). Postoji vi\u0161e ina\u010dica, pristupa i \u0161kola JUJUTSU-a, ali sve koriste iste tehnike (hvatanja, dr\u017eanja, bacanja, uvrtanja, poluga, gu\u0161enja, udaraca rukama i nogama i borbu na podu), ve\u0107ina \u0161kola koristi i podu\u010dava uporabu s oru\u017ejem.<\/p>\n<\/div><figure class=\"wp-block-media-text__media\"><img loading=\"lazy\" decoding=\"async\" width=\"770\" height=\"1024\" src=\"https:\/\/hagakure.hr\/wp-content\/uploads\/2023\/06\/kempo2-770x1024.jpg\" alt=\"\" class=\"wp-image-138 size-full\" srcset=\"https:\/\/hagakure.hr\/wp-content\/uploads\/2023\/06\/kempo2-770x1024.jpg 770w, https:\/\/hagakure.hr\/wp-content\/uploads\/2023\/06\/kempo2-226x300.jpg 226w, https:\/\/hagakure.hr\/wp-content\/uploads\/2023\/06\/kempo2-768x1022.jpg 768w, https:\/\/hagakure.hr\/wp-content\/uploads\/2023\/06\/kempo2-1155x1536.jpg 1155w, https:\/\/hagakure.hr\/wp-content\/uploads\/2023\/06\/kempo2-1539x2048.jpg 1539w, https:\/\/hagakure.hr\/wp-content\/uploads\/2023\/06\/kempo2.jpg 1910w\" sizes=\"auto, (max-width: 770px) 100vw, 770px\" \/><\/figure><\/div>\n\n\n\n<p><br><\/p>\n\n\n\n<div class=\"wp-block-media-text alignwide is-stacked-on-mobile is-vertically-aligned-top\" style=\"grid-template-columns:55% auto\"><figure class=\"wp-block-media-text__media\"><img loading=\"lazy\" decoding=\"async\" width=\"1024\" height=\"768\" src=\"https:\/\/hagakure.hr\/wp-content\/uploads\/2023\/06\/20230401_173336-1024x768.jpg\" alt=\"\" class=\"wp-image-162 size-full\" srcset=\"https:\/\/hagakure.hr\/wp-content\/uploads\/2023\/06\/20230401_173336-1024x768.jpg 1024w, https:\/\/hagakure.hr\/wp-content\/uploads\/2023\/06\/20230401_173336-300x225.jpg 300w, https:\/\/hagakure.hr\/wp-content\/uploads\/2023\/06\/20230401_173336-768x576.jpg 768w, https:\/\/hagakure.hr\/wp-content\/uploads\/2023\/06\/20230401_173336-1536x1152.jpg 1536w, https:\/\/hagakure.hr\/wp-content\/uploads\/2023\/06\/20230401_173336-2048x1536.jpg 2048w, https:\/\/hagakure.hr\/wp-content\/uploads\/2023\/06\/20230401_173336-80x60.jpg 80w\" sizes=\"auto, (max-width: 1024px) 100vw, 1024px\" \/><\/figure><div class=\"wp-block-media-text__content\">\n<p><\/p>\n\n\n\n<p>Dakle, Jujutsu je u svojoj sr\u017ei vje\u0161tina \u010disto vojni\u010dkog karaktera koja pou\u010dava u\u010dinkovite tehnike napada i obrane te nije sportska disciplina. \u0160kolu Kokusai jujutsu ryu (alternativno, Bankoku jujutsu ryu ili Koku ryu jujutsu) osnovao je majstor (soshi, osniva\u010d) Kam Hok Hoe koji je dosegao najvi\u0161u razinu u Bankoku Jujutsu. Svoje tehnike testirao je u sportskim i uli\u010dnim borbama te postao legenda diljem jugoisto\u010dne Azije. <\/p>\n\n\n\n<div class=\"wp-block-media-text alignwide has-media-on-the-right is-stacked-on-mobile is-vertically-aligned-bottom\" style=\"grid-template-columns:auto 25%\"><div class=\"wp-block-media-text__content\">\n<p class=\"has-text-align-right\"><em>Kam Hok Hoe<\/em><\/p>\n<\/div><figure class=\"wp-block-media-text__media\"><img loading=\"lazy\" decoding=\"async\" width=\"197\" height=\"256\" src=\"https:\/\/hagakure.hr\/wp-content\/uploads\/2023\/07\/kam-hok-hoe-1.jpg\" alt=\"\" class=\"wp-image-189 size-full\"\/><\/figure><\/div>\n\n\n\n<p>U Hrvatsku je ovu vje\u0161tinu iz Australije, po\u010detkom Domovinskog rata, donio majstor (shihan) Stjepan Grbavac, nositelj 7. dan (shichy dan). Jujutsu je godinama uvje\u017ebavao kod australskog majstora i umjetnika Graham Renniea \u201cBiggibilla\u201d.<\/p>\n\n\n\n<div class=\"wp-block-media-text alignwide has-media-on-the-right is-stacked-on-mobile is-vertically-aligned-bottom\" style=\"grid-template-columns:auto 24%\"><div class=\"wp-block-media-text__content\">\n<p><\/p>\n\n\n\n<p class=\"has-text-align-right\"><em>Graham Rennie \u201cBiggibilla\u201d<\/em><\/p>\n<\/div><figure class=\"wp-block-media-text__media\"><img loading=\"lazy\" decoding=\"async\" width=\"215\" height=\"310\" src=\"https:\/\/hagakure.hr\/wp-content\/uploads\/2023\/07\/2023-07-13-2.png\" alt=\"\" class=\"wp-image-179 size-full\" srcset=\"https:\/\/hagakure.hr\/wp-content\/uploads\/2023\/07\/2023-07-13-2.png 215w, https:\/\/hagakure.hr\/wp-content\/uploads\/2023\/07\/2023-07-13-2-208x300.png 208w\" sizes=\"auto, (max-width: 215px) 100vw, 215px\" \/><\/figure><\/div>\n<\/div><\/div>\n","protected":false},"excerpt":{"rendered":"<p>Jujutsu (Ju \u2013 u prijevodu nje\u017enost, fleksibilnost, meko\u0107a, popustljivost i Jutsu \u2013 umije\u0107e, vje\u0161tina, daju naziv fleksibilna-nje\u017ena ili mekana vje\u0161tina) izvoran je naziv za japanske stilove borila\u010dkih vje\u0161tina koji su donekle poznati u svijetu kao sportske vje\u0161tine (Judo, Sambo, Brazilski jiu jitsu). Jujutsu obuhva\u0107a tehnike kru\u017enih pokreta, hvatova, poluga, bacanja, ru\u0161enja, gu\u0161enja i preusmjeravanja protivnikove te\u017eine i sile, a manju [&hellip;]<\/p>\n","protected":false},"author":1,"featured_media":0,"parent":0,"menu_order":0,"comment_status":"closed","ping_status":"closed","template":"","meta":{"footnotes":""},"class_list":["post-26","page","type-page","status-publish","hentry"],"_links":{"self":[{"href":"https:\/\/hagakure.hr\/index.php?rest_route=\/wp\/v2\/pages\/26","targetHints":{"allow":["GET"]}}],"collection":[{"href":"https:\/\/hagakure.hr\/index.php?rest_route=\/wp\/v2\/pages"}],"about":[{"href":"https:\/\/hagakure.hr\/index.php?rest_route=\/wp\/v2\/types\/page"}],"author":[{"embeddable":true,"href":"https:\/\/hagakure.hr\/index.php?rest_route=\/wp\/v2\/users\/1"}],"replies":[{"embeddable":true,"href":"https:\/\/hagakure.hr\/index.php?rest_route=%2Fwp%2Fv2%2Fcomments&post=26"}],"version-history":[{"count":50,"href":"https:\/\/hagakure.hr\/index.php?rest_route=\/wp\/v2\/pages\/26\/revisions"}],"predecessor-version":[{"id":217,"href":"https:\/\/hagakure.hr\/index.php?rest_route=\/wp\/v2\/pages\/26\/revisions\/217"}],"wp:attachment":[{"href":"https:\/\/hagakure.hr\/index.php?rest_route=%2Fwp%2Fv2%2Fmedia&parent=26"}],"curies":[{"name":"wp","href":"https:\/\/api.w.org\/{rel}","templated":true}]}}