{"id":22,"date":"2023-07-13T18:50:33","date_gmt":"2023-07-13T18:50:33","guid":{"rendered":"https:\/\/hagakure.hr\/?page_id=22"},"modified":"2024-02-10T00:53:38","modified_gmt":"2024-02-10T00:53:38","slug":"kempo","status":"publish","type":"page","link":"https:\/\/hagakure.hr\/?page_id=22","title":{"rendered":"KEMPO"},"content":{"rendered":"\n<figure class=\"wp-block-pullquote\"><blockquote><p>Kempo &#8211; um i tijelo su jedna nedjeljiva cjelina. <\/p><\/blockquote><\/figure>\n\n\n\n<div class=\"wp-block-media-text alignwide is-stacked-on-mobile\" style=\"grid-template-columns:20% auto\"><figure class=\"wp-block-media-text__media\"><img loading=\"lazy\" decoding=\"async\" width=\"1024\" height=\"935\" src=\"https:\/\/hagakure.hr\/wp-content\/uploads\/2023\/02\/20230211_175425_1-1024x935.jpg\" alt=\"\" class=\"wp-image-23 size-full\" srcset=\"https:\/\/hagakure.hr\/wp-content\/uploads\/2023\/02\/20230211_175425_1-1024x935.jpg 1024w, https:\/\/hagakure.hr\/wp-content\/uploads\/2023\/02\/20230211_175425_1-300x274.jpg 300w, https:\/\/hagakure.hr\/wp-content\/uploads\/2023\/02\/20230211_175425_1-768x701.jpg 768w, https:\/\/hagakure.hr\/wp-content\/uploads\/2023\/02\/20230211_175425_1-1536x1402.jpg 1536w, https:\/\/hagakure.hr\/wp-content\/uploads\/2023\/02\/20230211_175425_1.jpg 1668w\" sizes=\"auto, (max-width: 1024px) 100vw, 1024px\" \/><\/figure><div class=\"wp-block-media-text__content\">\n<p>Kempo je jedna od najstarijih borila\u010dkih vje\u0161tina, koja vu\u010de korijene iz Indije. Preko Kine do\u0161la je i na japansko oto\u010dje (i na otok Okinawu), gdje je dobila ime Kenpo (Ken \u2013 u prijevodu \u0161aka i Po \u2013 u prijevodu put, cilj ili na\u010din, zajedno tvore Kempo ili Kenpo \u2013 put, na\u010din ili zakon tvrde \u0161ake tj. \u201c\u0161akanje\u201d), te je postala dio i okosnica za daljnji razvoj ostalih japanskih ratni\u010dkih vje\u0161tina.<\/p>\n\n\n\n<p><\/p>\n\n\n\n<p><\/p>\n<\/div><\/div>\n\n\n\n<div class=\"wp-block-media-text alignwide has-media-on-the-right is-stacked-on-mobile\" style=\"grid-template-columns:auto 30%\"><div class=\"wp-block-media-text__content\">\n<div class=\"wp-block-columns is-layout-flex wp-container-core-columns-is-layout-9d6595d7 wp-block-columns-is-layout-flex\">\n<div class=\"wp-block-column is-layout-flow wp-block-column-is-layout-flow\" style=\"flex-basis:66.66%\">\n<p>Moderni Kempo, naziva Shorin ji kempo, nastao je u Japanu nakon 2. svjetskog rata, a osnovao ga je Michiomi Nakano, Doshin So. Prije rata ovladao je tradicionalnim Jujutsu-om i Aikijutsu-om. Prije i tijekom 2. svjetskog rata \u017eivio je i radio u Kini slu\u017ee\u0107i japanskoj vladi. Tamo se upoznao sa kineskom vje\u0161tinom Kung Fu (Shaolin). Povratkom u Japan ujedinio je te borila\u010dke vje\u0161tine pod imenom Shorin ji kempo (Kempo iz hrama \u0160aolin).<\/p>\n<\/div>\n\n\n\n<div class=\"wp-block-column is-layout-flow wp-block-column-is-layout-flow\" style=\"flex-basis:33.33%\">\n<figure class=\"wp-block-image size-full\"><img loading=\"lazy\" decoding=\"async\" width=\"160\" height=\"239\" src=\"https:\/\/hagakure.hr\/wp-content\/uploads\/2023\/07\/michiomi-nakano-doshin-so.jpg\" alt=\"\" class=\"wp-image-194\"\/><\/figure>\n\n\n\n<p><em>Michiomi Nakano, Doshin So<\/em><\/p>\n<\/div>\n<\/div>\n\n\n\n<p>Kempo su u Hrvatsku donijeli na\u0161i majstori koji su tu vje\u0161tinu uvje\u017ebavali u inozemstvu. Jedan od njih je i majstor (hanshi) Miran \u0160kerl, nositelj 10. dan-a i glavni instruktor i osniva\u010d \u0161kole samoobrane Bujutsu Shizen ryu te osniva\u010d i ravnatelj (Soke) \u201cIBF \u2013 Independent Bujutsu Federation \u2013 Gakushuin\u201d. Na\u0161a \u0161kola tako\u0111er pripada ovoj organizaciji.<\/p>\n<\/div><figure class=\"wp-block-media-text__media\"><img loading=\"lazy\" decoding=\"async\" width=\"817\" height=\"1024\" src=\"https:\/\/hagakure.hr\/wp-content\/uploads\/2023\/06\/20230515_215618-817x1024.jpg\" alt=\"\" class=\"wp-image-137 size-full\" srcset=\"https:\/\/hagakure.hr\/wp-content\/uploads\/2023\/06\/20230515_215618-817x1024.jpg 817w, https:\/\/hagakure.hr\/wp-content\/uploads\/2023\/06\/20230515_215618-239x300.jpg 239w, https:\/\/hagakure.hr\/wp-content\/uploads\/2023\/06\/20230515_215618-768x963.jpg 768w, https:\/\/hagakure.hr\/wp-content\/uploads\/2023\/06\/20230515_215618-1225x1536.jpg 1225w, https:\/\/hagakure.hr\/wp-content\/uploads\/2023\/06\/20230515_215618-1634x2048.jpg 1634w, https:\/\/hagakure.hr\/wp-content\/uploads\/2023\/06\/20230515_215618-scaled.jpg 2042w\" sizes=\"auto, (max-width: 817px) 100vw, 817px\" \/><\/figure><\/div>\n\n\n\n<p>Shorin Kempo obuhva\u0107a udarce rukama i nogama, blokade, dr\u017eanja i gu\u0161enja, poluge, ru\u0161enja i bacanja, borbu na podu, kori\u0161tenje nekih oru\u017eja i drugo. Polaznici KEMPO sekcije razvijaju fleksibilno, sna\u017eno i skladno tijelo u kojem \u017eivi i raste zdrav i uravnote\u017een duh, razvija motoriku, a istovremeno gradi, razvija i iste\u017ee mi\u0161i\u0107e. Kempo mogu prakticirati svi, bez obzira na dob, spol, rasu ili vjeru.<\/p>\n\n\n\n<div class=\"wp-block-media-text alignwide is-stacked-on-mobile\" style=\"grid-template-columns:34% auto\"><figure class=\"wp-block-media-text__media\"><img loading=\"lazy\" decoding=\"async\" width=\"1024\" height=\"905\" src=\"https:\/\/hagakure.hr\/wp-content\/uploads\/2023\/06\/20230515_220113-1024x905.jpg\" alt=\"\" class=\"wp-image-150 size-full\" srcset=\"https:\/\/hagakure.hr\/wp-content\/uploads\/2023\/06\/20230515_220113-1024x905.jpg 1024w, https:\/\/hagakure.hr\/wp-content\/uploads\/2023\/06\/20230515_220113-300x265.jpg 300w, https:\/\/hagakure.hr\/wp-content\/uploads\/2023\/06\/20230515_220113-768x679.jpg 768w, https:\/\/hagakure.hr\/wp-content\/uploads\/2023\/06\/20230515_220113-1536x1357.jpg 1536w, https:\/\/hagakure.hr\/wp-content\/uploads\/2023\/06\/20230515_220113-2048x1809.jpg 2048w\" sizes=\"auto, (max-width: 1024px) 100vw, 1024px\" \/><\/figure><div class=\"wp-block-media-text__content\">\n<p>Kempo trening uklju\u010duje:<\/p>\n\n\n\n<ul class=\"wp-block-list\">\n<li>Vje\u0161tinu nenasilne samoobrane<\/li>\n\n\n\n<li>Respiratorno-energetski trening<\/li>\n\n\n\n<li>Mentalni trening usmjeren na kretanje u prostoru i integraciju tijela i uma.<\/li>\n<\/ul>\n\n\n\n<p>Kempo ru\u0161i barijere izme\u0111u nas i drugih, dovodi nas u sklad s na\u0161om prirodom otkrivaju\u0107i one dijelove koji su ina\u010de skriveni ili potisnuti. Fizi\u010dki nas osloba\u0111a od ograni\u010davaju\u0107ih mi\u0161i\u0107nih obrazaca ili stanja i stoga slu\u017ei kao terapeutska praksa. Dopiru\u0107i do dubljih slojeva, Kempo vje\u017eba utje\u010de na rad na\u0161ih unutarnjih organa te ja\u010da i stabilizira metabolizam.<\/p>\n<\/div><\/div>\n\n\n\n<p><\/p>\n\n\n\n<p>Kempo nije sport i nema natjecanja, vje\u0161tina poti\u010de uni\u0161tavanje svih negativnih stanja i emocija (nastalih dana\u0161njim brzim na\u010dinom \u017eivota) kao \u0161to su stres, depresija, ljutnja, nedostatak fokusa, lijenost, slabost, hiperaktivnost, mr\u017enja itd. Vje\u017ebanje Kempa eliminira negativna fizi\u010dka i mentalna stanja i pove\u0107ava unutarnji mir, samopouzdanje, kreativnost i kondiciju svakog Kempo prakti\u010dara. <\/p>\n\n\n\n<hr class=\"wp-block-separator has-alpha-channel-opacity\"\/>\n\n\n\n<div class=\"wp-block-columns is-layout-flex wp-container-core-columns-is-layout-9d6595d7 wp-block-columns-is-layout-flex\">\n<div class=\"wp-block-column is-layout-flow wp-block-column-is-layout-flow\" style=\"flex-basis:33.33%\">\n<hr class=\"wp-block-separator has-alpha-channel-opacity\"\/>\n\n\n\n<p>Kempo objedinjuje tehnike dana\u0161njeg:<\/p>\n\n\n\n<ul class=\"wp-block-list\">\n<li>JUDO-a\/JUJUTSU-a \u2013 (defanzivnost, pravovremenost u presretanju napada, bacanja, dr\u017eanja, poluge, borba na tlu\u2026)<\/li>\n\n\n\n<li>KOBUDO-a \u2013 (oru\u017eja: bokken, nunchaku, tonfa, \u0161tap)<\/li>\n\n\n\n<li>AIKIDO-a \u2013 (kru\u017ena kretanja, fleksibilnost-nje\u017enost, poluge, presretanja)<\/li>\n\n\n\n<li>KARATE-a \u2013 (udara\u010dke tehnike, ofenzivnost, \u010dvrsto\u0107u).<\/li>\n<\/ul>\n<\/div>\n\n\n\n<div class=\"wp-block-column is-layout-flow wp-block-column-is-layout-flow\" style=\"flex-basis:66.66%\">\n<figure class=\"wp-block-gallery has-nested-images columns-default is-cropped wp-block-gallery-1 is-layout-flex wp-block-gallery-is-layout-flex\">\n<figure class=\"wp-block-image size-large\"><img loading=\"lazy\" decoding=\"async\" width=\"887\" height=\"1024\" data-id=\"164\" src=\"https:\/\/hagakure.hr\/wp-content\/uploads\/2023\/06\/20230401_173516-887x1024.jpg\" alt=\"\" class=\"wp-image-164\" srcset=\"https:\/\/hagakure.hr\/wp-content\/uploads\/2023\/06\/20230401_173516-887x1024.jpg 887w, https:\/\/hagakure.hr\/wp-content\/uploads\/2023\/06\/20230401_173516-260x300.jpg 260w, https:\/\/hagakure.hr\/wp-content\/uploads\/2023\/06\/20230401_173516-768x887.jpg 768w, https:\/\/hagakure.hr\/wp-content\/uploads\/2023\/06\/20230401_173516-1331x1536.jpg 1331w, https:\/\/hagakure.hr\/wp-content\/uploads\/2023\/06\/20230401_173516-1774x2048.jpg 1774w\" sizes=\"auto, (max-width: 887px) 100vw, 887px\" \/><\/figure>\n\n\n\n<figure class=\"wp-block-image size-large\"><img loading=\"lazy\" decoding=\"async\" width=\"1024\" height=\"925\" data-id=\"166\" src=\"https:\/\/hagakure.hr\/wp-content\/uploads\/2023\/06\/20230401_174005-1024x925.jpg\" alt=\"\" class=\"wp-image-166\" srcset=\"https:\/\/hagakure.hr\/wp-content\/uploads\/2023\/06\/20230401_174005-1024x925.jpg 1024w, https:\/\/hagakure.hr\/wp-content\/uploads\/2023\/06\/20230401_174005-300x271.jpg 300w, https:\/\/hagakure.hr\/wp-content\/uploads\/2023\/06\/20230401_174005-768x694.jpg 768w, https:\/\/hagakure.hr\/wp-content\/uploads\/2023\/06\/20230401_174005-1536x1388.jpg 1536w, https:\/\/hagakure.hr\/wp-content\/uploads\/2023\/06\/20230401_174005-2048x1850.jpg 2048w, https:\/\/hagakure.hr\/wp-content\/uploads\/2023\/06\/20230401_174005-420x380.jpg 420w\" sizes=\"auto, (max-width: 1024px) 100vw, 1024px\" \/><\/figure>\n<\/figure>\n<\/div>\n<\/div>\n","protected":false},"excerpt":{"rendered":"<p>Kempo &#8211; um i tijelo su jedna nedjeljiva cjelina. Kempo je jedna od najstarijih borila\u010dkih vje\u0161tina, koja vu\u010de korijene iz Indije. Preko Kine do\u0161la je i na japansko oto\u010dje (i na otok Okinawu), gdje je dobila ime Kenpo (Ken \u2013 u prijevodu \u0161aka i Po \u2013 u prijevodu put, cilj ili na\u010din, zajedno tvore Kempo ili Kenpo \u2013 put, na\u010din [&hellip;]<\/p>\n","protected":false},"author":1,"featured_media":0,"parent":0,"menu_order":0,"comment_status":"closed","ping_status":"closed","template":"","meta":{"footnotes":""},"class_list":["post-22","page","type-page","status-publish","hentry"],"_links":{"self":[{"href":"https:\/\/hagakure.hr\/index.php?rest_route=\/wp\/v2\/pages\/22","targetHints":{"allow":["GET"]}}],"collection":[{"href":"https:\/\/hagakure.hr\/index.php?rest_route=\/wp\/v2\/pages"}],"about":[{"href":"https:\/\/hagakure.hr\/index.php?rest_route=\/wp\/v2\/types\/page"}],"author":[{"embeddable":true,"href":"https:\/\/hagakure.hr\/index.php?rest_route=\/wp\/v2\/users\/1"}],"replies":[{"embeddable":true,"href":"https:\/\/hagakure.hr\/index.php?rest_route=%2Fwp%2Fv2%2Fcomments&post=22"}],"version-history":[{"count":26,"href":"https:\/\/hagakure.hr\/index.php?rest_route=\/wp\/v2\/pages\/22\/revisions"}],"predecessor-version":[{"id":236,"href":"https:\/\/hagakure.hr\/index.php?rest_route=\/wp\/v2\/pages\/22\/revisions\/236"}],"wp:attachment":[{"href":"https:\/\/hagakure.hr\/index.php?rest_route=%2Fwp%2Fv2%2Fmedia&parent=22"}],"curies":[{"name":"wp","href":"https:\/\/api.w.org\/{rel}","templated":true}]}}